{"id":3937,"date":"2020-09-15T22:56:25","date_gmt":"2020-09-15T20:56:25","guid":{"rendered":"http:\/\/preprod.sunn.fr\/wp_into_sunn\/?page_id=3937"},"modified":"2020-09-15T23:05:23","modified_gmt":"2020-09-15T21:05:23","slug":"sunn-mentions-legales","status":"publish","type":"page","link":"http:\/\/preprod.sunn.fr\/wp_into_sunn\/fr\/sunn-mentions-legales\/","title":{"rendered":"Sunn Mentions l\u00e9gales"},"content":{"rendered":"\t\t<div data-elementor-type=\"wp-page\" data-elementor-id=\"3937\" class=\"elementor elementor-3937\" data-elementor-settings=\"[]\">\n\t\t\t<div class=\"elementor-inner\">\n\t\t\t\t<div class=\"elementor-section-wrap\">\n\t\t\t\t\t\t\t<section class=\"elementor-element elementor-element-0a8702b elementor-section-full_width elementor-section-height-default elementor-section-height-default elementor-section elementor-top-section\" data-id=\"0a8702b\" data-element_type=\"section\" data-settings=\"{&quot;background_background&quot;:&quot;slideshow&quot;,&quot;background_slideshow_gallery&quot;:[],&quot;background_slideshow_loop&quot;:&quot;yes&quot;,&quot;background_slideshow_slide_duration&quot;:5000,&quot;background_slideshow_slide_transition&quot;:&quot;fade&quot;,&quot;background_slideshow_transition_duration&quot;:500}\">\n\t\t\t\t\t\t<div class=\"elementor-container elementor-column-gap-default\">\n\t\t\t\t<div class=\"elementor-row\">\n\t\t\t\t<div class=\"elementor-element elementor-element-bc6c850 elementor-column elementor-col-100 elementor-top-column\" data-id=\"bc6c850\" data-element_type=\"column\">\n\t\t\t<div class=\"elementor-column-wrap  elementor-element-populated\">\n\t\t\t\t\t<div class=\"elementor-widget-wrap\">\n\t\t\t\t<div class=\"elementor-element elementor-element-7022cb8 elementor-widget elementor-widget-image\" data-id=\"7022cb8\" data-element_type=\"widget\" data-widget_type=\"image.default\">\n\t\t\t\t<div class=\"elementor-widget-container\">\n\t\t\t\t\t<div class=\"elementor-image\">\n\t\t\t\t\t\t\t\t\t\t<img width=\"1950\" height=\"600\" src=\"http:\/\/preprod.sunn.fr\/wp_into_sunn\/wp-content\/uploads\/2020\/09\/CGV_Sunn.jpg\" class=\"attachment-full size-full\" alt=\"Sunn CGV\" loading=\"lazy\" srcset=\"http:\/\/preprod.sunn.fr\/wp_into_sunn\/wp-content\/uploads\/2020\/09\/CGV_Sunn.jpg 1950w, http:\/\/preprod.sunn.fr\/wp_into_sunn\/wp-content\/uploads\/2020\/09\/CGV_Sunn-300x92.jpg 300w, http:\/\/preprod.sunn.fr\/wp_into_sunn\/wp-content\/uploads\/2020\/09\/CGV_Sunn-1024x315.jpg 1024w, http:\/\/preprod.sunn.fr\/wp_into_sunn\/wp-content\/uploads\/2020\/09\/CGV_Sunn-768x236.jpg 768w, http:\/\/preprod.sunn.fr\/wp_into_sunn\/wp-content\/uploads\/2020\/09\/CGV_Sunn-1536x473.jpg 1536w, http:\/\/preprod.sunn.fr\/wp_into_sunn\/wp-content\/uploads\/2020\/09\/CGV_Sunn-600x185.jpg 600w\" sizes=\"(max-width: 1950px) 100vw, 1950px\" \/>\t\t\t\t\t\t\t\t\t\t\t<\/div>\n\t\t\t\t<\/div>\n\t\t\t\t<\/div>\n\t\t\t\t<div class=\"elementor-element elementor-element-0428dd1 elementor-widget elementor-widget-jet-headline\" data-id=\"0428dd1\" data-element_type=\"widget\" data-widget_type=\"jet-headline.default\">\n\t\t\t\t<div class=\"elementor-widget-container\">\n\t\t\t<h1 class=\"jet-headline jet-headline--direction-horizontal\"><span class=\"jet-headline__part jet-headline__first\"><span class=\"jet-headline__label\">Mentions l\u00e9gales<\/span><\/span><span class=\"jet-headline__space\">&nbsp;<\/span><\/h1>\t\t<\/div>\n\t\t\t\t<\/div>\n\t\t\t\t\t\t<\/div>\n\t\t\t<\/div>\n\t\t<\/div>\n\t\t\t\t\t\t<\/div>\n\t\t\t<\/div>\n\t\t<\/section>\n\t\t\t\t<section class=\"elementor-element elementor-element-e918808 elementor-section-boxed elementor-section-height-default elementor-section-height-default elementor-section elementor-top-section\" data-id=\"e918808\" data-element_type=\"section\">\n\t\t\t\t\t\t<div class=\"elementor-container elementor-column-gap-default\">\n\t\t\t\t<div class=\"elementor-row\">\n\t\t\t\t<div class=\"elementor-element elementor-element-8e7cfdb elementor-column elementor-col-100 elementor-top-column\" data-id=\"8e7cfdb\" data-element_type=\"column\">\n\t\t\t<div class=\"elementor-column-wrap  elementor-element-populated\">\n\t\t\t\t\t<div class=\"elementor-widget-wrap\">\n\t\t\t\t<div class=\"elementor-element elementor-element-cbbc395 elementor-widget elementor-widget-text-editor\" data-id=\"cbbc395\" data-element_type=\"widget\" data-widget_type=\"text-editor.default\">\n\t\t\t\t<div class=\"elementor-widget-container\">\n\t\t\t\t\t<div class=\"elementor-text-editor elementor-clearfix\"><p><strong>MENTIONS L\u00c9GALES &#8211; SUNN.FR<br \/><\/strong>Le site SUNN.fr est \u00e9dit\u00e9 par la soci\u00e9t\u00e9 MANUFACTURE FRANCAISE DU CYCLE Soci\u00e9t\u00e9 par Action Simplifi\u00e9e Unipersonnelle (associ\u00e9 unique) au capital de 6.000 000 euros, immatricul\u00e9e au Registre du Commerce et des Soci\u00e9t\u00e9s de Nantes sous les num\u00e9ros : SIRET : 791\u00a0771\u00a0223 00017 &#8211; N\u00b0 d&rsquo;identification TVA : FR88791771223<br \/><br \/><strong>SI\u00c8GE SOCIAL<br \/><\/strong>27 Rue Marcel BRUNELIERE, BP6, 44270 MACHECOUL-SAINT-M\u00caME<br \/>T\u00e9l\u00e9phone :\u00a0 02 40 78 23 23<br \/>Courriel :\u00a0 <a href=\"mailto:contact@sunn.fr\">contact@sunn.fr<\/a><br \/><br \/><strong>DIRECTEUR DE LA PUBLICATION\u00a0<br \/><\/strong>Angel Soria<br \/><br \/><strong>H\u00c9BERGEMENT<br \/><\/strong>Oceanet Technology &#8211; 2 imp Josephine Baker, 44800 Saint-Herblain- T\u00e9l\u00e9phone : <a href=\"tel:+33%202%2028%2028%2027%2005%2023\">+33 2 28 27 05 23<\/a>&#8211; Mail :\u00a0<a href=\"mailto:cmorand@oceanet-technology.com\">cmorand@oceanet-technology.com<\/a><br \/><br \/><strong>D\u00c9CLARATION CNIL\u00a0<br \/><\/strong>Conform\u00e9ment \u00e0 la loi n\u00b078-17 du 6 janvier 1978 dite \u00ab Informatique et Libert\u00e9s \u00bb, modifi\u00e9e par la loi du 6 ao\u00fbt 2004 et le d\u00e9cret du 25 mars 2007, vos donn\u00e9es personnelles sont collect\u00e9es par la soci\u00e9t\u00e9 Manufacture Fran\u00e7aise du Cycle, Soci\u00e9t\u00e9 par Action Simplifi\u00e9e Unipersonnelle (associ\u00e9 unique) au capital de 6.000 000 euros, immatricul\u00e9e au Registre du Commerce et des Soci\u00e9t\u00e9s de Nantes sous les num\u00e9ros : SIRET : 791\u00a0771\u00a0223 00017 &#8211; en qualit\u00e9 de responsable de traitement, repr\u00e9sent\u00e9e par La Direction g\u00e9n\u00e9rale.<\/p><p>Les donn\u00e9es personnelles recueillies lors de votre inscription \u00e0 la newsletter sont utilis\u00e9es par la soci\u00e9t\u00e9 MANUFACTURE FRANCAISE DU CYCLE et ses partenaires, sous r\u00e9serve de votre accord, \u00e0 des fins de prospection commerciale.<\/p><p>En application de la loi Informatique et libert\u00e9s, vous disposez \u00e0 tout moment d&rsquo;un droit d&rsquo;acc\u00e8s, de modification, d\u2019opposition et de suppression des donn\u00e9es personnelles vous concernant, par courrier postal, accompagn\u00e9 d\u2019une copie d\u2019un justificatif d\u2019identit\u00e9 (carte d\u2019identit\u00e9 ou passeport), \u00e0 : Service Consommateurs \u2013 MANUFACTURE FRANCAISE DU CYCLE, 27 RUE MARCEL BRUNELIERE 44270 MACHECOUL-SAINT-MEME. Nous vous r\u00e9pondrons dans un d\u00e9lai de deux (2) mois maximum.<br \/><br \/><strong>COOKIES\u00a0<br \/><\/strong>Notre site int\u00e8gre des cookies internes et tiers afin d\u2019am\u00e9liorer sa navigation et son contenu. Ils permettent aussi de nous fournir des informations sur la fa\u00e7on dont le site est utilis\u00e9 afin d\u2019assurer sa mise \u00e0 jour, sa pertinence et l\u2019absence de bugs. La majorit\u00e9 des cookies utilis\u00e9e sur notre site est indispensable \u00e0 son fonctionnement. Ces cookies peuvent am\u00e9liorer la performance et apporter des fonctionnalit\u00e9s compl\u00e9mentaires.<\/p><p>D\u2019autres permettent un meilleur ciblage afin d\u2019am\u00e9liorer votre exp\u00e9rience d\u2019utilisation. Ils collectent par exemple vos habitudes de navigations afin de mieux cibler les contenus propos\u00e9s.<\/p><p>Plusieurs possibilit\u00e9s vous sont offertes pour g\u00e9rer les cookies. A tout moment, vous pouvez exprimer et modifier vos souhaits en mati\u00e8re de cookies, via la section \u00ab Aide \u00bb de la barre d&rsquo;outils de votre navigateur. Celle-ci vous indique comment refuser les nouveaux \u00ab\u00a0cookies\u00a0\u00bb, obtenir un message qui vous signale leur r\u00e9ception ou encore comment les d\u00e9sactiver. Vous pouvez \u00e9galement effacer les cookies manuellement.<\/p><p>Pour Internet Explorer\u2122 : ouvrez le menu \u00ab\u00a0Outils\u00a0\u00bb, puis s\u00e9lectionnez \u00ab\u00a0Options internet\u00a0\u00bb ; cliquez sur l&rsquo;onglet \u00ab\u00a0Confidentialit\u00e9\u00a0\u00bb puis l&rsquo;onglet \u00ab\u00a0Avanc\u00e9\u00a0\u00bb choisissez le niveau souhait\u00e9 ou suivez ce lien :\u00a0<a href=\"https:\/\/windows.microsoft.com\/fr-FR\/windows-vista\/Block-or-allow-cookies\">https:\/\/windows.microsoft.com\/fr-FR\/windows-vista\/Block-or-allow-cookies<\/a><\/p><p>Pour Firefox\u2122 : ouvrez le menu \u00ab\u00a0Outils\u00a0\u00bb, puis s\u00e9lectionnez \u00ab\u00a0Options\u00a0\u00bb ; cliquez sur l&rsquo;onglet \u00ab\u00a0Vie priv\u00e9e\u00a0\u00bb puis choisissez les options souhait\u00e9es ou suivez ce lien :\u00a0<a href=\"https:\/\/support.mozilla.org\/fr\/kb\/Activer%20et%20d%C3%A9sactiver%20les%20cookies\">https:\/\/support.mozilla.org\/fr\/kb\/Activer%20et%20d%C3%A9sactiver%20les%20cookies<\/a><\/p><p>Pour Chrome\u2122 : ouvrez le menu de configuration (logo cl\u00e9 \u00e0 molette), puis s\u00e9lectionnez \u00ab\u00a0Options\u00a0\u00bb; cliquez sur \u00ab\u00a0Options avanc\u00e9es\u00a0\u00bb puis dans la section \u00ab\u00a0Confidentialit\u00e9\u00a0\u00bb, cliquez sur \u00ab\u00a0Param\u00e8tres de contenu\u00a0\u00bb, et choisissez les options souhait\u00e9es ou suivez le lien suivant :\u00a0<a href=\"https:\/\/support.google.com\/chrome\/bin\/answer.py?hl=fr&amp;hlrm=en&amp;answer=95647\">https:\/\/support.google.com\/chrome\/bin\/answer.py?hl=fr&amp;hlrm=en&amp;answer=95647<\/a><\/p><p>Pour Safari\u2122 : choisissez \u00a0\u00bb Safari &gt; Pr\u00e9f\u00e9rences\u00a0\u00bb puis cliquez sur \u00ab\u00a0S\u00e9curit\u00e9\u00a0\u00bb ; dans la section \u00ab\u00a0Accepter les cookies\u00a0\u00bb choisissez les options souhait\u00e9es ou suivez ce lien :\u00a0<a href=\"https:\/\/docs.info.apple.com\/article.html?path=Safari\/3.0\/fr\/9277.html\">https:\/\/docs.info.apple.com\/article.html?path=Safari\/3.0\/fr\/9277.html<\/a><\/p><p>Pour Opera\u2122 : ouvrez le menu \u00ab\u00a0Outils\u00a0\u00bb ou \u00ab\u00a0R\u00e9glages\u00a0\u00bb, puis s\u00e9lectionnez \u00ab\u00a0Supprimer les donn\u00e9es priv\u00e9es\u00a0\u00bb; cliquez sur l&rsquo;onglet \u00ab\u00a0Options d\u00e9taill\u00e9es\u00a0\u00bb, puis choisissez les options souhait\u00e9es ou suivez ce lien :\u00a0<a href=\"https:\/\/help.opera.com\/Windows\/10.20\/fr\/cookies.html\">https:\/\/help.opera.com\/Windows\/10.20\/fr\/cookies.html<\/a><\/p><p>D\u00e9couvrez les conseils de CNIL pour bloquer les cookies tiers :\u00a0<a href=\"https:\/\/www.cnil.fr\/fr\/cookies-les-outils-pour-les-maitriser\">https:\/\/www.cnil.fr\/fr\/cookies-les-outils-pour-les-maitriser<\/a><\/p><p>En continuant votre visite sur notre site, vous acceptez que des cookies soient install\u00e9s lors de votre navigation.<br \/><br \/><strong>R\u00c9CLAMATIONS\u00a0<br \/><\/strong>Pour toute r\u00e9clamation, vous pouvez contacter notre Service Consommateurs, par e-mail \u00e0 l\u2019adresse:\u00a0<a href=\"mailto:contact@sunn.fr\">contact@sunn.fr<\/a>, par courrier postal \u00e0 l\u2019adresse : Service Consommateurs \u2013 MANUFACTURE FRANCAISE DU CYCLE, 27 Rue Marcel BRUNELIERE, 44270 MACHECOUL-SAINT-M\u00caME, par t\u00e9l\u00e9phone du lundi au vendredi de 9h \u00e0 19h au :\u00a002 40 78 23 23<\/p><p>Si la r\u00e9ponse qui vous est fournie ne vous satisfait pas, vous pouvez adresser votre r\u00e9clamation au m\u00e9diateur Service de m\u00e9diation MEDICYS, par courrier postal \u00e0 l\u2019adresse suivante MEDICYS- Centre de m\u00e9diation et r\u00e8glement amiable des huissiers de justice- 73, Boulevard de Clichy, 75009 \u2013 Paris ou par Internet \u00e0 l\u2019adresse suivante\u00a0<a href=\"https:\/\/www.medicys.fr\/\">www.medicys.fr<\/a>.<\/p><p>Le recours au m\u00e9diateur est gratuit.<\/p><p>Apr\u00e8s avoir \u00e9t\u00e9 saisi du litige, le M\u00e9diateur recueille les informations qui lui sont n\u00e9cessaires pour instruire le dossier et rend un avis dans un d\u00e9lai de trois mois.<\/p><p>Cet avis ne s\u2019impose ni \u00e0 vous ni \u00e0 nous et vous conservez le droit de saisir le tribunal.<\/p><p>Pour plus d\u2019informations sur la proc\u00e9dure de m\u00e9diation :\u00a0<a href=\"https:\/\/mediateur-consommation.fr\/plateforme-europeenne-mediation\/\">https:\/\/mediateur-consommation.fr\/plateforme-europeenne-mediation\/<\/a>.<\/p><p>Cr\u00e9dit photos: SUNN \/ SIDEKICK \/ Kevin Burnet<\/p><\/div>\n\t\t\t\t<\/div>\n\t\t\t\t<\/div>\n\t\t\t\t\t\t<\/div>\n\t\t\t<\/div>\n\t\t<\/div>\n\t\t\t\t\t\t<\/div>\n\t\t\t<\/div>\n\t\t<\/section>\n\t\t\t\t\t\t<\/div>\n\t\t\t<\/div>\n\t\t<\/div>\n\t\t","protected":false},"excerpt":{"rendered":"<p>Mentions l\u00e9gales&nbsp; MENTIONS L\u00c9GALES &#8211; SUNN.FRLe site SUNN.fr est \u00e9dit\u00e9 par la soci\u00e9t\u00e9 MANUFACTURE FRANCAISE DU CYCLE Soci\u00e9t\u00e9 par Action Simplifi\u00e9e Unipersonnelle (associ\u00e9 unique) au capital de 6.000 000 euros, immatricul\u00e9e au Registre du Commerce et des Soci\u00e9t\u00e9s de Nantes sous les num\u00e9ros : SIRET : 791\u00a0771\u00a0223 00017 &#8211; N\u00b0 d&rsquo;identification TVA : FR88791771223 SI\u00c8GE [&hellip;]<\/p>\n","protected":false},"author":2,"featured_media":0,"parent":0,"menu_order":0,"comment_status":"closed","ping_status":"closed","template":"elementor_header_footer","meta":{"_jet_sm_ready_style":"","_jet_sm_style":"","_jet_sm_controls_values":"","_jet_sm_fonts_collection":"","_jet_sm_fonts_links":""},"_links":{"self":[{"href":"http:\/\/preprod.sunn.fr\/wp_into_sunn\/wp-json\/wp\/v2\/pages\/3937"}],"collection":[{"href":"http:\/\/preprod.sunn.fr\/wp_into_sunn\/wp-json\/wp\/v2\/pages"}],"about":[{"href":"http:\/\/preprod.sunn.fr\/wp_into_sunn\/wp-json\/wp\/v2\/types\/page"}],"author":[{"embeddable":true,"href":"http:\/\/preprod.sunn.fr\/wp_into_sunn\/wp-json\/wp\/v2\/users\/2"}],"replies":[{"embeddable":true,"href":"http:\/\/preprod.sunn.fr\/wp_into_sunn\/wp-json\/wp\/v2\/comments?post=3937"}],"version-history":[{"count":3,"href":"http:\/\/preprod.sunn.fr\/wp_into_sunn\/wp-json\/wp\/v2\/pages\/3937\/revisions"}],"predecessor-version":[{"id":3942,"href":"http:\/\/preprod.sunn.fr\/wp_into_sunn\/wp-json\/wp\/v2\/pages\/3937\/revisions\/3942"}],"wp:attachment":[{"href":"http:\/\/preprod.sunn.fr\/wp_into_sunn\/wp-json\/wp\/v2\/media?parent=3937"}],"curies":[{"name":"wp","href":"https:\/\/api.w.org\/{rel}","templated":true}]}}