{"id":2557,"date":"2020-09-05T07:51:56","date_gmt":"2020-09-05T05:51:56","guid":{"rendered":"http:\/\/preprod.sunn.fr\/wp_into_sunn\/?page_id=2557"},"modified":"2021-03-08T17:01:43","modified_gmt":"2021-03-08T16:01:43","slug":"blog","status":"publish","type":"page","link":"http:\/\/preprod.sunn.fr\/wp_into_sunn\/fr\/blog\/","title":{"rendered":"Blog"},"content":{"rendered":"\t\t<div data-elementor-type=\"wp-page\" data-elementor-id=\"2557\" class=\"elementor elementor-2557\" data-elementor-settings=\"[]\">\n\t\t\t<div class=\"elementor-inner\">\n\t\t\t\t<div class=\"elementor-section-wrap\">\n\t\t\t\t\t\t\t<section class=\"elementor-element elementor-element-71d86bd5 elementor-section-boxed elementor-section-height-default elementor-section-height-default elementor-section elementor-top-section\" data-id=\"71d86bd5\" data-element_type=\"section\">\n\t\t\t\t\t\t<div class=\"elementor-container elementor-column-gap-default\">\n\t\t\t\t<div class=\"elementor-row\">\n\t\t\t\t<div class=\"elementor-element elementor-element-4d11c723 elementor-column elementor-col-33 elementor-top-column\" data-id=\"4d11c723\" data-element_type=\"column\">\n\t\t\t<div class=\"elementor-column-wrap\">\n\t\t\t\t\t<div class=\"elementor-widget-wrap\">\n\t\t\t\t\t\t<\/div>\n\t\t\t<\/div>\n\t\t<\/div>\n\t\t\t\t<div class=\"elementor-element elementor-element-540ce171 elementor-column elementor-col-33 elementor-top-column\" data-id=\"540ce171\" data-element_type=\"column\">\n\t\t\t<div class=\"elementor-column-wrap  elementor-element-populated\">\n\t\t\t\t\t<div class=\"elementor-widget-wrap\">\n\t\t\t\t<div class=\"elementor-element elementor-element-167b224e elementor-widget elementor-widget-divider\" data-id=\"167b224e\" data-element_type=\"widget\" data-widget_type=\"divider.default\">\n\t\t\t\t<div class=\"elementor-widget-container\">\n\t\t\t\t\t<div class=\"elementor-divider\">\n\t\t\t<span class=\"elementor-divider-separator\">\n\t\t\t\t\t\t<\/span>\n\t\t<\/div>\n\t\t\t\t<\/div>\n\t\t\t\t<\/div>\n\t\t\t\t<div class=\"elementor-element elementor-element-35df822b elementor-widget elementor-widget-jet-blog-smart-listing\" data-id=\"35df822b\" data-element_type=\"widget\" data-widget_type=\"jet-blog-smart-listing.default\">\n\t\t\t\t<div class=\"elementor-widget-container\">\n\t\t\t<div class=\"elementor-jet-blog-smart-listing jet-blog\"><div class=\"jet-smart-listing-wrap\" data-settings='{&quot;block_title&quot;:&quot;NEWS&quot;,&quot;title_tag&quot;:&quot;div&quot;,&quot;featured_post&quot;:&quot;yes&quot;,&quot;featured_position&quot;:&quot;top&quot;,&quot;featured_width&quot;:null,&quot;featured_layout&quot;:&quot;boxed&quot;,&quot;featured_image_size&quot;:&quot;full&quot;,&quot;featured_image_position&quot;:null,&quot;featured_image_width&quot;:null,&quot;featured_excerpt_length&quot;:20,&quot;featured_excerpt_trimmed_ending&quot;:&quot;...&quot;,&quot;featured_read_more&quot;:null,&quot;featured_read_more_text&quot;:null,&quot;featured_show_meta&quot;:&quot;&quot;,&quot;featured_show_author&quot;:null,&quot;featured_show_author_icon&quot;:&quot;&quot;,&quot;selected_featured_show_author_icon&quot;:null,&quot;featured_show_date&quot;:null,&quot;featured_show_date_icon&quot;:&quot;fa fa-clock-o&quot;,&quot;selected_featured_show_date_icon&quot;:null,&quot;featured_show_comments&quot;:null,&quot;featured_show_comments_icon&quot;:&quot;&quot;,&quot;selected_featured_show_comments_icon&quot;:null,&quot;posts_columns&quot;:&quot;2&quot;,&quot;posts_rows&quot;:&quot;6&quot;,&quot;image_size&quot;:&quot;full&quot;,&quot;image_position&quot;:&quot;top&quot;,&quot;image_width&quot;:null,&quot;excerpt_length&quot;:0,&quot;excerpt_trimmed_ending&quot;:&quot;...&quot;,&quot;read_more&quot;:&quot;&quot;,&quot;read_more_text&quot;:null,&quot;show_meta&quot;:&quot;&quot;,&quot;show_author&quot;:null,&quot;show_author_icon&quot;:&quot;&quot;,&quot;selected_show_author_icon&quot;:null,&quot;show_date&quot;:null,&quot;show_date_icon&quot;:&quot;fa fa-clock-o&quot;,&quot;selected_show_date_icon&quot;:null,&quot;show_comments&quot;:null,&quot;show_comments_icon&quot;:null,&quot;selected_show_comments_icon&quot;:null,&quot;query_by&quot;:&quot;all&quot;,&quot;category_ids&quot;:null,&quot;post_tag_ids&quot;:null,&quot;include_ids&quot;:null,&quot;exclude_ids&quot;:&quot;&quot;,&quot;custom_query_by&quot;:null,&quot;custom_terms_ids&quot;:null,&quot;meta_query&quot;:&quot;&quot;,&quot;meta_key&quot;:null,&quot;meta_value&quot;:null,&quot;show_filter&quot;:&quot;&quot;,&quot;filter_by&quot;:null,&quot;show_all_btn&quot;:null,&quot;all_btn_label&quot;:null,&quot;more_terms_icon&quot;:null,&quot;selected_more_terms_icon&quot;:null,&quot;show_arrows&quot;:&quot;yes&quot;,&quot;arrow_type&quot;:&quot;fa fa-chevron-left&quot;,&quot;show_featured_terms&quot;:&quot;yes&quot;,&quot;show_featured_terms_tax&quot;:&quot;post_tag&quot;,&quot;show_terms&quot;:&quot;yes&quot;,&quot;show_terms_tax&quot;:&quot;post_tag&quot;,&quot;featured_meta_position&quot;:null,&quot;meta_position&quot;:null,&quot;show_image&quot;:&quot;yes&quot;,&quot;post_type&quot;:&quot;post&quot;,&quot;post_ids&quot;:null,&quot;content_related_meta&quot;:null,&quot;show_content_related_meta&quot;:&quot;&quot;,&quot;meta_content_related_position&quot;:null,&quot;title_related_meta&quot;:null,&quot;show_title_related_meta&quot;:&quot;&quot;,&quot;meta_title_related_position&quot;:null,&quot;featured_title_length&quot;:0,&quot;title_length&quot;:0,&quot;add_button_icon&quot;:&quot;&quot;,&quot;button_icon&quot;:null,&quot;selected_button_icon&quot;:null,&quot;post_add_button_icon&quot;:&quot;&quot;,&quot;post_button_icon&quot;:null,&quot;selected_post_button_icon&quot;:null,&quot;use_custom_query&quot;:&quot;&quot;,&quot;custom_query&quot;:null,&quot;posts_offset&quot;:0,&quot;order&quot;:&quot;DESC&quot;,&quot;order_by&quot;:&quot;date&quot;}' data-page=\"1\" data-term=\"0\">\n\t<div class=\"jet-smart-listing__heading\"><div class=\"jet-smart-listing__title\">NEWS<\/div><\/div>\n\t<div class=\"jet-smart-listing columns-2 rows-6 columns-mobile-1 has-featured-position-top\">\t<div class=\"jet-smart-listing__featured featured-layout-boxed featured-position-top has-post-thumb\" style=\"background-image: url('http:\/\/preprod.sunn.fr\/wp_into_sunn\/wp-content\/uploads\/2020\/09\/Article_02.jpg')\">\n\t<a href=\"http:\/\/preprod.sunn.fr\/wp_into_sunn\/fr\/ews-3254-russie-septembre-2029\/\" class=\"jet-smart-listing__featured-box-link\"><div class=\"jet-smart-listing__featured-content\"><div class=\"jet-smart-listing__post-title post-title-featured\">EWS #3254 \/ Russie &#8211; Septembre 2029<\/div><div class=\"jet-smart-listing__post-excerpt post-excerpt-featured\">EWS #8 \/ Suisse Septembre 2019 La derni\u00e8re manche des Enduro World Series \u00e9tait d'une importance toute particuli\u00e8re pour le...<\/div><\/div><\/a>\t<\/div>\n\t<div class=\"jet-smart-listing__posts\">\n\t\t\t\t<div class=\"jet-smart-listing__post-wrapper\">\n\t\t\t\t<div class=\"jet-smart-listing__post has-post-thumb has-thumb-postion-top\">\n\t\t\t\t\t\t\t\t\t\t<div class=\"jet-smart-listing__post-thumbnail post-thumbnail-simple\"><a href=\"http:\/\/preprod.sunn.fr\/wp_into_sunn\/fr\/a-bicyclette-les-nuages-sont-bleus\/\"><img width=\"876\" height=\"822\" src=\"http:\/\/preprod.sunn.fr\/wp_into_sunn\/wp-content\/uploads\/2021\/03\/Kern_EL_Marseille.jpg\" class=\"jet-smart-listing__post-thumbnail-img post-thumbnail-img-simple wp-post-image\" alt=\"\u00c0 bicyclette, les nuages sont bleus\" loading=\"lazy\" srcset=\"http:\/\/preprod.sunn.fr\/wp_into_sunn\/wp-content\/uploads\/2021\/03\/Kern_EL_Marseille.jpg 876w, http:\/\/preprod.sunn.fr\/wp_into_sunn\/wp-content\/uploads\/2021\/03\/Kern_EL_Marseille-300x282.jpg 300w, http:\/\/preprod.sunn.fr\/wp_into_sunn\/wp-content\/uploads\/2021\/03\/Kern_EL_Marseille-768x721.jpg 768w, http:\/\/preprod.sunn.fr\/wp_into_sunn\/wp-content\/uploads\/2021\/03\/Kern_EL_Marseille-600x563.jpg 600w\" sizes=\"(max-width: 876px) 100vw, 876px\" \/><\/a><\/div>\t\t\t\t\t<div class=\"jet-smart-listing__post-content\"><div class=\"jet-smart-listing__post-title post-title-simple\"><a href=\"http:\/\/preprod.sunn.fr\/wp_into_sunn\/fr\/a-bicyclette-les-nuages-sont-bleus\/\">\u00c0 bicyclette, les nuages sont bleus<\/a><\/div><\/div>\n\t\t\t\t<\/div>\n\t\t\t<\/div>\n\t\t\t\t\t\t<div class=\"jet-smart-listing__post-wrapper\">\n\t\t\t\t<div class=\"jet-smart-listing__post has-post-thumb has-thumb-postion-top\">\n\t\t\t\t\t\t\t\t\t\t<div class=\"jet-smart-listing__post-thumbnail post-thumbnail-simple\"><a href=\"http:\/\/preprod.sunn.fr\/wp_into_sunn\/fr\/greg-cortes-et-son-kern-en-factory-sont-champions-de-monde-denduro\/\"><img width=\"876\" height=\"822\" src=\"http:\/\/preprod.sunn.fr\/wp_into_sunn\/wp-content\/uploads\/2020\/09\/119096803_797489494123396_7915847265324092780_n-1.jpg\" class=\"jet-smart-listing__post-thumbnail-img post-thumbnail-img-simple wp-post-image\" alt=\"Greg Cort\u00e8s et son Kern EN Factory sont champions de Monde d\u2019Enduro  !\" loading=\"lazy\" srcset=\"http:\/\/preprod.sunn.fr\/wp_into_sunn\/wp-content\/uploads\/2020\/09\/119096803_797489494123396_7915847265324092780_n-1.jpg 876w, http:\/\/preprod.sunn.fr\/wp_into_sunn\/wp-content\/uploads\/2020\/09\/119096803_797489494123396_7915847265324092780_n-1-300x282.jpg 300w, http:\/\/preprod.sunn.fr\/wp_into_sunn\/wp-content\/uploads\/2020\/09\/119096803_797489494123396_7915847265324092780_n-1-768x721.jpg 768w, http:\/\/preprod.sunn.fr\/wp_into_sunn\/wp-content\/uploads\/2020\/09\/119096803_797489494123396_7915847265324092780_n-1-600x563.jpg 600w\" sizes=\"(max-width: 876px) 100vw, 876px\" \/><\/a><\/div>\t\t\t\t\t<div class=\"jet-smart-listing__post-content\"><div class=\"jet-smart-listing__post-title post-title-simple\"><a href=\"http:\/\/preprod.sunn.fr\/wp_into_sunn\/fr\/greg-cortes-et-son-kern-en-factory-sont-champions-de-monde-denduro\/\">Greg Cort\u00e8s et son Kern EN Factory sont champions de Monde d\u2019Enduro  !<\/a><\/div><\/div>\n\t\t\t\t<\/div>\n\t\t\t<\/div>\n\t\t\t\t\t\t<div class=\"jet-smart-listing__post-wrapper\">\n\t\t\t\t<div class=\"jet-smart-listing__post has-post-thumb has-thumb-postion-top\">\n\t\t\t\t\t\t\t\t\t\t<div class=\"jet-smart-listing__post-thumbnail post-thumbnail-simple\"><a href=\"http:\/\/preprod.sunn.fr\/wp_into_sunn\/fr\/theo-galy-et-son-kern-en-factory-sont-champions-de-france-denduro\/\"><img width=\"876\" height=\"822\" src=\"http:\/\/preprod.sunn.fr\/wp_into_sunn\/wp-content\/uploads\/2020\/09\/119096803_797489494123396_7915847265324092780_n-1.jpg\" class=\"jet-smart-listing__post-thumbnail-img post-thumbnail-img-simple wp-post-image\" alt=\"Th\u00e9o Galy et son Kern EN Factory sont champions de France d\u2019Enduro  !\" loading=\"lazy\" srcset=\"http:\/\/preprod.sunn.fr\/wp_into_sunn\/wp-content\/uploads\/2020\/09\/119096803_797489494123396_7915847265324092780_n-1.jpg 876w, http:\/\/preprod.sunn.fr\/wp_into_sunn\/wp-content\/uploads\/2020\/09\/119096803_797489494123396_7915847265324092780_n-1-300x282.jpg 300w, http:\/\/preprod.sunn.fr\/wp_into_sunn\/wp-content\/uploads\/2020\/09\/119096803_797489494123396_7915847265324092780_n-1-768x721.jpg 768w, http:\/\/preprod.sunn.fr\/wp_into_sunn\/wp-content\/uploads\/2020\/09\/119096803_797489494123396_7915847265324092780_n-1-600x563.jpg 600w\" sizes=\"(max-width: 876px) 100vw, 876px\" \/><\/a><\/div>\t\t\t\t\t<div class=\"jet-smart-listing__post-content\"><div class=\"jet-smart-listing__post-title post-title-simple\"><a href=\"http:\/\/preprod.sunn.fr\/wp_into_sunn\/fr\/theo-galy-et-son-kern-en-factory-sont-champions-de-france-denduro\/\">Th\u00e9o Galy et son Kern EN Factory sont champions de France d\u2019Enduro  !<\/a><\/div><\/div>\n\t\t\t\t<\/div>\n\t\t\t<\/div>\n\t\t\t\t\t\t<div class=\"jet-smart-listing__post-wrapper\">\n\t\t\t\t<div class=\"jet-smart-listing__post has-post-thumb has-thumb-postion-top\">\n\t\t\t\t\t\t\t\t\t\t<div class=\"jet-smart-listing__post-thumbnail post-thumbnail-simple\"><a href=\"http:\/\/preprod.sunn.fr\/wp_into_sunn\/fr\/a-velo-construisons-maintenant-le-monde-de-demain-6\/\"><img width=\"1000\" height=\"768\" src=\"http:\/\/preprod.sunn.fr\/wp_into_sunn\/wp-content\/uploads\/2020\/09\/Article_01-1.jpg\" class=\"jet-smart-listing__post-thumbnail-img post-thumbnail-img-simple wp-post-image\" alt=\"\u00c0 v\u00e9lo, construisons maintenant le monde de demain\" loading=\"lazy\" srcset=\"http:\/\/preprod.sunn.fr\/wp_into_sunn\/wp-content\/uploads\/2020\/09\/Article_01-1.jpg 1000w, http:\/\/preprod.sunn.fr\/wp_into_sunn\/wp-content\/uploads\/2020\/09\/Article_01-1-300x230.jpg 300w, http:\/\/preprod.sunn.fr\/wp_into_sunn\/wp-content\/uploads\/2020\/09\/Article_01-1-768x590.jpg 768w, http:\/\/preprod.sunn.fr\/wp_into_sunn\/wp-content\/uploads\/2020\/09\/Article_01-1-600x461.jpg 600w\" sizes=\"(max-width: 1000px) 100vw, 1000px\" \/><\/a><\/div>\t\t\t\t\t<div class=\"jet-smart-listing__post-content\"><div class=\"jet-smart-listing__post-title post-title-simple\"><a href=\"http:\/\/preprod.sunn.fr\/wp_into_sunn\/fr\/a-velo-construisons-maintenant-le-monde-de-demain-6\/\">\u00c0 v\u00e9lo, construisons maintenant le monde de demain<\/a><\/div><\/div>\n\t\t\t\t<\/div>\n\t\t\t<\/div>\n\t\t\t\t\t\t<div class=\"jet-smart-listing__post-wrapper\">\n\t\t\t\t<div class=\"jet-smart-listing__post has-post-thumb has-thumb-postion-top\">\n\t\t\t\t\t\t\t\t\t\t<div class=\"jet-smart-listing__post-thumbnail post-thumbnail-simple\"><a href=\"http:\/\/preprod.sunn.fr\/wp_into_sunn\/fr\/ews-8-suisse-septembre-2019\/\"><img width=\"1000\" height=\"768\" src=\"http:\/\/preprod.sunn.fr\/wp_into_sunn\/wp-content\/uploads\/2020\/09\/Article_02.jpg\" class=\"jet-smart-listing__post-thumbnail-img post-thumbnail-img-simple wp-post-image\" alt=\"EWS #8 \/ Suisse &#8211; Septembre 2019\" loading=\"lazy\" srcset=\"http:\/\/preprod.sunn.fr\/wp_into_sunn\/wp-content\/uploads\/2020\/09\/Article_02.jpg 1000w, http:\/\/preprod.sunn.fr\/wp_into_sunn\/wp-content\/uploads\/2020\/09\/Article_02-300x230.jpg 300w, http:\/\/preprod.sunn.fr\/wp_into_sunn\/wp-content\/uploads\/2020\/09\/Article_02-768x590.jpg 768w, http:\/\/preprod.sunn.fr\/wp_into_sunn\/wp-content\/uploads\/2020\/09\/Article_02-600x461.jpg 600w\" sizes=\"(max-width: 1000px) 100vw, 1000px\" \/><\/a><\/div>\t\t\t\t\t<div class=\"jet-smart-listing__post-content\"><div class=\"jet-smart-listing__post-title post-title-simple\"><a href=\"http:\/\/preprod.sunn.fr\/wp_into_sunn\/fr\/ews-8-suisse-septembre-2019\/\">EWS #8 \/ Suisse &#8211; Septembre 2019<\/a><\/div><\/div>\n\t\t\t\t<\/div>\n\t\t\t<\/div>\n\t\t\t<\/div>\n<\/div>\n\t<div class=\"jet-smart-listing__arrows\" data-scroll-top=\"1\"><div class=\"jet-smart-listing__arrow jet-arrow-prev jet-arrow-disabled\" data-dir=\"prev\"><i class=\"fas fa-chevron-left\"><\/i><\/div><div class=\"jet-smart-listing__arrow jet-arrow-next jet-arrow-disabled\" data-dir=\"next\"><i class=\"fas fa-chevron-left\"><\/i><\/div><\/div><\/div>\n<div class=\"jet-smart-listing-loading\"><\/div><\/div>\t\t<\/div>\n\t\t\t\t<\/div>\n\t\t\t\t\t\t<\/div>\n\t\t\t<\/div>\n\t\t<\/div>\n\t\t\t\t<div class=\"elementor-element elementor-element-1422406 elementor-column elementor-col-33 elementor-top-column\" data-id=\"1422406\" data-element_type=\"column\">\n\t\t\t<div class=\"elementor-column-wrap\">\n\t\t\t\t\t<div class=\"elementor-widget-wrap\">\n\t\t\t\t\t\t<\/div>\n\t\t\t<\/div>\n\t\t<\/div>\n\t\t\t\t\t\t<\/div>\n\t\t\t<\/div>\n\t\t<\/section>\n\t\t\t\t\t\t<\/div>\n\t\t\t<\/div>\n\t\t<\/div>\n\t\t","protected":false},"excerpt":{"rendered":"<p>NEWS EWS #3254 \/ Russie &#8211; Septembre 2029EWS #8 \/ Suisse Septembre 2019 La derni\u00e8re manche des Enduro World Series \u00e9tait d&rsquo;une importance toute particuli\u00e8re pour le&#8230; \u00c0 bicyclette, les nuages sont bleus Greg Cort\u00e8s et son Kern EN Factory sont champions de Monde d\u2019Enduro ! Th\u00e9o Galy et son Kern EN Factory sont champions [&hellip;]<\/p>\n","protected":false},"author":2,"featured_media":0,"parent":0,"menu_order":0,"comment_status":"closed","ping_status":"closed","template":"elementor_header_footer","meta":{"_jet_sm_ready_style":"","_jet_sm_style":"","_jet_sm_controls_values":"","_jet_sm_fonts_collection":"","_jet_sm_fonts_links":""},"_links":{"self":[{"href":"http:\/\/preprod.sunn.fr\/wp_into_sunn\/wp-json\/wp\/v2\/pages\/2557"}],"collection":[{"href":"http:\/\/preprod.sunn.fr\/wp_into_sunn\/wp-json\/wp\/v2\/pages"}],"about":[{"href":"http:\/\/preprod.sunn.fr\/wp_into_sunn\/wp-json\/wp\/v2\/types\/page"}],"author":[{"embeddable":true,"href":"http:\/\/preprod.sunn.fr\/wp_into_sunn\/wp-json\/wp\/v2\/users\/2"}],"replies":[{"embeddable":true,"href":"http:\/\/preprod.sunn.fr\/wp_into_sunn\/wp-json\/wp\/v2\/comments?post=2557"}],"version-history":[{"count":20,"href":"http:\/\/preprod.sunn.fr\/wp_into_sunn\/wp-json\/wp\/v2\/pages\/2557\/revisions"}],"predecessor-version":[{"id":4434,"href":"http:\/\/preprod.sunn.fr\/wp_into_sunn\/wp-json\/wp\/v2\/pages\/2557\/revisions\/4434"}],"wp:attachment":[{"href":"http:\/\/preprod.sunn.fr\/wp_into_sunn\/wp-json\/wp\/v2\/media?parent=2557"}],"curies":[{"name":"wp","href":"https:\/\/api.w.org\/{rel}","templated":true}]}}