{"id":2412,"date":"2020-09-04T18:38:36","date_gmt":"2020-09-04T16:38:36","guid":{"rendered":"http:\/\/preprod.sunn.fr\/wp_into_sunn\/?page_id=2412"},"modified":"2020-09-16T09:14:08","modified_gmt":"2020-09-16T07:14:08","slug":"fabricant-francais-de-velos","status":"publish","type":"page","link":"http:\/\/preprod.sunn.fr\/wp_into_sunn\/fr\/fabricant-francais-de-velos\/","title":{"rendered":"Sunn Fabricant fran\u00e7ais de v\u00e9los"},"content":{"rendered":"\t\t<div data-elementor-type=\"wp-page\" data-elementor-id=\"2412\" class=\"elementor elementor-2412\" data-elementor-settings=\"[]\">\n\t\t\t<div class=\"elementor-inner\">\n\t\t\t\t<div class=\"elementor-section-wrap\">\n\t\t\t\t\t\t\t<section class=\"elementor-element elementor-element-1e33868 elementor-section-boxed elementor-section-height-default elementor-section-height-default elementor-section elementor-top-section\" data-id=\"1e33868\" data-element_type=\"section\" data-settings=\"{&quot;background_background&quot;:&quot;classic&quot;}\">\n\t\t\t\t\t\t<div class=\"elementor-container elementor-column-gap-default\">\n\t\t\t\t<div class=\"elementor-row\">\n\t\t\t\t<div class=\"elementor-element elementor-element-cd1cc1d elementor-column elementor-col-100 elementor-top-column\" data-id=\"cd1cc1d\" data-element_type=\"column\">\n\t\t\t<div class=\"elementor-column-wrap  elementor-element-populated\">\n\t\t\t\t\t<div class=\"elementor-widget-wrap\">\n\t\t\t\t<div class=\"elementor-element elementor-element-c007d5d elementor-widget elementor-widget-jet-headline\" data-id=\"c007d5d\" data-element_type=\"widget\" data-widget_type=\"jet-headline.default\">\n\t\t\t\t<div class=\"elementor-widget-container\">\n\t\t\t<h1 class=\"jet-headline jet-headline--direction-vertical\"><span class=\"jet-headline__part jet-headline__first\"><span class=\"jet-headline__label\">Sunn<\/span><\/span><span class=\"jet-headline__part jet-headline__second\"><span class=\"jet-headline__label\">fabricant fran\u00e7ais de v\u00e9los<\/span><\/span><\/h1>\t\t<\/div>\n\t\t\t\t<\/div>\n\t\t\t\t\t\t<\/div>\n\t\t\t<\/div>\n\t\t<\/div>\n\t\t\t\t\t\t<\/div>\n\t\t\t<\/div>\n\t\t<\/section>\n\t\t\t\t<section class=\"elementor-element elementor-element-8e6739f elementor-section-boxed elementor-section-height-default elementor-section-height-default elementor-section elementor-top-section\" data-id=\"8e6739f\" data-element_type=\"section\">\n\t\t\t\t\t\t<div class=\"elementor-container elementor-column-gap-default\">\n\t\t\t\t<div class=\"elementor-row\">\n\t\t\t\t<div class=\"elementor-element elementor-element-def24c2 elementor-column elementor-col-100 elementor-top-column\" data-id=\"def24c2\" data-element_type=\"column\">\n\t\t\t<div class=\"elementor-column-wrap  elementor-element-populated\">\n\t\t\t\t\t<div class=\"elementor-widget-wrap\">\n\t\t\t\t<div class=\"elementor-element elementor-element-9c233d9 elementor-widget elementor-widget-heading\" data-id=\"9c233d9\" data-element_type=\"widget\" data-widget_type=\"heading.default\">\n\t\t\t\t<div class=\"elementor-widget-container\">\n\t\t\t<h2 class=\"elementor-heading-title elementor-size-default\">Nous sommes une \u00e9quipe<\/h2>\t\t<\/div>\n\t\t\t\t<\/div>\n\t\t\t\t<div class=\"elementor-element elementor-element-8e62839 elementor-widget elementor-widget-text-editor\" data-id=\"8e62839\" data-element_type=\"widget\" data-widget_type=\"text-editor.default\">\n\t\t\t\t<div class=\"elementor-widget-container\">\n\t\t\t\t\t<div class=\"elementor-text-editor elementor-clearfix\"><div class=\"vc_row wpb_row vc_row-fluid\">\n<div class=\"vc_col-sm-12 wpb_column vc_column_container\">\n<div class=\"wpb_wrapper\">\n<div class=\"wpb_text_column wpb_content_element \">\n<div class=\"wpb_wrapper\">Toutes les personnes chez SUNN (Angel, Antoine, Elie, Alexis, Justine, Alexis, Aur\u00e9lie, Micka\u00ebl, Carlos, Joke, Fabrice, Cyril, David, Thibault et S\u00e9bastien) ont chaque jour un r\u00f4le pr\u00e9cis et crucial. Pour avancer et tout coordonner dans des d\u00e9lais souvent serr\u00e9s, les \u00e9changes ont \u00e9t\u00e9 nombreux et parfois houleux. Gr\u00e2ce aux exp\u00e9riences personnelles de chacun, ces \u00e9changes ont apport\u00e9 beaucoup de richesse \u00e0 nos projets.<\/div>\n<\/div>\n<\/div>\n<\/div>\n<\/div>\n<div class=\"vc_row wpb_row vc_row-fluid\">\n<div class=\"vc_col-sm-12 wpb_column vc_column_container\">\n<div class=\"wpb_wrapper\">\n<div class=\"wpb_text_column wpb_content_element \">\n<div class=\"wpb_wrapper\">\n<p>\u00c0 chaque instant nous repensons et am\u00e9liorons nos mod\u00e8les : pour les rendre plus performants, toujours diff\u00e9rents et plus d\u00e9sirables pour vous procurer des rides plus intenses.<br>Toute cette implication pour que vous puissiez profiter pleinement de votre v\u00e9lo, que ce soit au d\u00e9part d\u2019une course, d\u2019une sortie entre potes, d\u2019un entrainement ou apr\u00e8s une journ\u00e9e harassante de boulot.<\/p>\n<\/div>\n<\/div>\n<\/div>\n<\/div>\n<\/div><\/div>\n\t\t\t\t<\/div>\n\t\t\t\t<\/div>\n\t\t\t\t<div class=\"elementor-element elementor-element-6e37d4f elementor-widget elementor-widget-image\" data-id=\"6e37d4f\" data-element_type=\"widget\" data-widget_type=\"image.default\">\n\t\t\t\t<div class=\"elementor-widget-container\">\n\t\t\t\t\t<div class=\"elementor-image\">\n\t\t\t\t\t\t\t\t\t\t<img width=\"1582\" height=\"619\" src=\"http:\/\/preprod.sunn.fr\/wp_into_sunn\/wp-content\/uploads\/2020\/09\/Sunn_Equipe.jpg\" class=\"attachment-full size-full\" alt=\"Equipe Sunn\" loading=\"lazy\" srcset=\"http:\/\/preprod.sunn.fr\/wp_into_sunn\/wp-content\/uploads\/2020\/09\/Sunn_Equipe.jpg 1582w, http:\/\/preprod.sunn.fr\/wp_into_sunn\/wp-content\/uploads\/2020\/09\/Sunn_Equipe-300x117.jpg 300w, http:\/\/preprod.sunn.fr\/wp_into_sunn\/wp-content\/uploads\/2020\/09\/Sunn_Equipe-1024x401.jpg 1024w, http:\/\/preprod.sunn.fr\/wp_into_sunn\/wp-content\/uploads\/2020\/09\/Sunn_Equipe-768x301.jpg 768w, http:\/\/preprod.sunn.fr\/wp_into_sunn\/wp-content\/uploads\/2020\/09\/Sunn_Equipe-1536x601.jpg 1536w, http:\/\/preprod.sunn.fr\/wp_into_sunn\/wp-content\/uploads\/2020\/09\/Sunn_Equipe-600x235.jpg 600w\" sizes=\"(max-width: 1582px) 100vw, 1582px\" \/>\t\t\t\t\t\t\t\t\t\t\t<\/div>\n\t\t\t\t<\/div>\n\t\t\t\t<\/div>\n\t\t\t\t\t\t<\/div>\n\t\t\t<\/div>\n\t\t<\/div>\n\t\t\t\t\t\t<\/div>\n\t\t\t<\/div>\n\t\t<\/section>\n\t\t\t\t<section class=\"elementor-element elementor-element-af6ccd8 elementor-section-boxed elementor-section-height-default elementor-section-height-default elementor-section elementor-top-section\" data-id=\"af6ccd8\" data-element_type=\"section\">\n\t\t\t\t\t\t<div class=\"elementor-container elementor-column-gap-default\">\n\t\t\t\t<div class=\"elementor-row\">\n\t\t\t\t<div class=\"elementor-element elementor-element-72cc397 elementor-column elementor-col-100 elementor-top-column\" data-id=\"72cc397\" data-element_type=\"column\">\n\t\t\t<div class=\"elementor-column-wrap  elementor-element-populated\">\n\t\t\t\t\t<div class=\"elementor-widget-wrap\">\n\t\t\t\t<div class=\"elementor-element elementor-element-0250f1e elementor-widget elementor-widget-heading\" data-id=\"0250f1e\" data-element_type=\"widget\" data-widget_type=\"heading.default\">\n\t\t\t\t<div class=\"elementor-widget-container\">\n\t\t\t<h2 class=\"elementor-heading-title elementor-size-default\">90 ans d'exp\u00e9rience<\/h2>\t\t<\/div>\n\t\t\t\t<\/div>\n\t\t\t\t<div class=\"elementor-element elementor-element-f0b0f9b elementor-widget elementor-widget-text-editor\" data-id=\"f0b0f9b\" data-element_type=\"widget\" data-widget_type=\"text-editor.default\">\n\t\t\t\t<div class=\"elementor-widget-container\">\n\t\t\t\t\t<div class=\"elementor-text-editor elementor-clearfix\"><div class=\"vc_row wpb_row vc_row-fluid\"><div class=\"vc_col-sm-12 wpb_column vc_column_container\"><div class=\"wpb_wrapper\"><div class=\"wpb_text_column wpb_content_element \"><div class=\"wpb_wrapper\"><div class=\"vc_row wpb_row vc_row-fluid\"><div class=\"vc_col-sm-12 wpb_column vc_column_container\"><div class=\"wpb_wrapper\"><div class=\"wpb_text_column wpb_content_element \"><div class=\"wpb_wrapper\"><p><span style=\"font-size: 16px;\">Nous concevons et assemblons nos v\u00e9los en France \u00e0 Machecoul (44) depuis plus de 90 ans. <\/span>Fort de cette exp\u00e9rience, certains de nos techniciens ont plus de 30 ans de m\u00e9tiers derri\u00e8re eux.<\/p><\/div><\/div><\/div><\/div><\/div><\/div><\/div><\/div><\/div><\/div><\/div>\n\t\t\t\t<\/div>\n\t\t\t\t<\/div>\n\t\t\t\t<div class=\"elementor-element elementor-element-5d1acec elementor-widget elementor-widget-image\" data-id=\"5d1acec\" data-element_type=\"widget\" data-widget_type=\"image.default\">\n\t\t\t\t<div class=\"elementor-widget-container\">\n\t\t\t\t\t<div class=\"elementor-image\">\n\t\t\t\t\t\t\t\t\t\t<img width=\"1690\" height=\"619\" src=\"http:\/\/preprod.sunn.fr\/wp_into_sunn\/wp-content\/uploads\/2020\/09\/VFmontage-2.jpg\" class=\"attachment-full size-full\" alt=\"\" loading=\"lazy\" srcset=\"http:\/\/preprod.sunn.fr\/wp_into_sunn\/wp-content\/uploads\/2020\/09\/VFmontage-2.jpg 1690w, http:\/\/preprod.sunn.fr\/wp_into_sunn\/wp-content\/uploads\/2020\/09\/VFmontage-2-300x110.jpg 300w, http:\/\/preprod.sunn.fr\/wp_into_sunn\/wp-content\/uploads\/2020\/09\/VFmontage-2-1024x375.jpg 1024w, http:\/\/preprod.sunn.fr\/wp_into_sunn\/wp-content\/uploads\/2020\/09\/VFmontage-2-768x281.jpg 768w, http:\/\/preprod.sunn.fr\/wp_into_sunn\/wp-content\/uploads\/2020\/09\/VFmontage-2-1536x563.jpg 1536w, http:\/\/preprod.sunn.fr\/wp_into_sunn\/wp-content\/uploads\/2020\/09\/VFmontage-2-600x220.jpg 600w\" sizes=\"(max-width: 1690px) 100vw, 1690px\" \/>\t\t\t\t\t\t\t\t\t\t\t<\/div>\n\t\t\t\t<\/div>\n\t\t\t\t<\/div>\n\t\t\t\t\t\t<\/div>\n\t\t\t<\/div>\n\t\t<\/div>\n\t\t\t\t\t\t<\/div>\n\t\t\t<\/div>\n\t\t<\/section>\n\t\t\t\t<section class=\"elementor-element elementor-element-e8f3ead elementor-section-boxed elementor-section-height-default elementor-section-height-default elementor-section elementor-top-section\" data-id=\"e8f3ead\" data-element_type=\"section\">\n\t\t\t\t\t\t<div class=\"elementor-container elementor-column-gap-default\">\n\t\t\t\t<div class=\"elementor-row\">\n\t\t\t\t<div class=\"elementor-element elementor-element-6ab5ab6 elementor-column elementor-col-100 elementor-top-column\" data-id=\"6ab5ab6\" data-element_type=\"column\">\n\t\t\t<div class=\"elementor-column-wrap  elementor-element-populated\">\n\t\t\t\t\t<div class=\"elementor-widget-wrap\">\n\t\t\t\t<div class=\"elementor-element elementor-element-ac3be68 elementor-widget elementor-widget-heading\" data-id=\"ac3be68\" data-element_type=\"widget\" data-widget_type=\"heading.default\">\n\t\t\t\t<div class=\"elementor-widget-container\">\n\t\t\t<h2 class=\"elementor-heading-title elementor-size-default\">Une usine locale<\/h2>\t\t<\/div>\n\t\t\t\t<\/div>\n\t\t\t\t<div class=\"elementor-element elementor-element-279d854 elementor-widget elementor-widget-text-editor\" data-id=\"279d854\" data-element_type=\"widget\" data-widget_type=\"text-editor.default\">\n\t\t\t\t<div class=\"elementor-widget-container\">\n\t\t\t\t\t<div class=\"elementor-text-editor elementor-clearfix\"><div class=\"vc_row wpb_row vc_row-fluid\"><div class=\"vc_col-sm-12 wpb_column vc_column_container\"><div class=\"wpb_wrapper\"><div class=\"wpb_text_column wpb_content_element \"><div class=\"wpb_wrapper\"><div class=\"vc_row wpb_row vc_row-fluid\"><div class=\"vc_col-sm-12 wpb_column vc_column_container\"><div class=\"wpb_wrapper\"><div class=\"wpb_text_column wpb_content_element \"><div class=\"wpb_wrapper\"><p>La ma\u00eetrise de la qualit\u00e9 ne peut se faire que par l\u2019int\u00e9gration des process, c\u2019est pourquoi nos v\u00e9los sont con\u00e7us dans notre bureau d\u2019\u00e9tudes et assembl\u00e9s dans notre usine \u00e0 Machecoul, France.\u00a0<\/p><p>L\u2019int\u00e9gration c\u2019est le contr\u00f4le. Nous poss\u00e9dons un laboratoire qualit\u00e9 avec les bancs d\u2019essais nous permettant de reproduire les normes en vigueur. Nous nous imposons des contraintes sup\u00e9rieures de 100 % aux normes ISO.<\/p><p>L\u2019int\u00e9gration c\u2019est \u00e9galement la ma\u00eetrise du savoir-faire et des comp\u00e9tences.<\/p><\/div><\/div><\/div><\/div><\/div><\/div><\/div><\/div><\/div><\/div><\/div>\n\t\t\t\t<\/div>\n\t\t\t\t<\/div>\n\t\t\t\t<div class=\"elementor-element elementor-element-8ebf249 elementor-widget elementor-widget-image\" data-id=\"8ebf249\" data-element_type=\"widget\" data-widget_type=\"image.default\">\n\t\t\t\t<div class=\"elementor-widget-container\">\n\t\t\t\t\t<div class=\"elementor-image\">\n\t\t\t\t\t\t\t\t\t\t<img width=\"1690\" height=\"1095\" src=\"http:\/\/preprod.sunn.fr\/wp_into_sunn\/wp-content\/uploads\/2020\/09\/VFmontage-3.jpg\" class=\"attachment-full size-full\" alt=\"\" loading=\"lazy\" srcset=\"http:\/\/preprod.sunn.fr\/wp_into_sunn\/wp-content\/uploads\/2020\/09\/VFmontage-3.jpg 1690w, http:\/\/preprod.sunn.fr\/wp_into_sunn\/wp-content\/uploads\/2020\/09\/VFmontage-3-300x194.jpg 300w, http:\/\/preprod.sunn.fr\/wp_into_sunn\/wp-content\/uploads\/2020\/09\/VFmontage-3-1024x663.jpg 1024w, http:\/\/preprod.sunn.fr\/wp_into_sunn\/wp-content\/uploads\/2020\/09\/VFmontage-3-768x498.jpg 768w, http:\/\/preprod.sunn.fr\/wp_into_sunn\/wp-content\/uploads\/2020\/09\/VFmontage-3-1536x995.jpg 1536w, http:\/\/preprod.sunn.fr\/wp_into_sunn\/wp-content\/uploads\/2020\/09\/VFmontage-3-600x389.jpg 600w\" sizes=\"(max-width: 1690px) 100vw, 1690px\" \/>\t\t\t\t\t\t\t\t\t\t\t<\/div>\n\t\t\t\t<\/div>\n\t\t\t\t<\/div>\n\t\t\t\t\t\t<\/div>\n\t\t\t<\/div>\n\t\t<\/div>\n\t\t\t\t\t\t<\/div>\n\t\t\t<\/div>\n\t\t<\/section>\n\t\t\t\t\t\t<\/div>\n\t\t\t<\/div>\n\t\t<\/div>\n\t\t","protected":false},"excerpt":{"rendered":"<p>Sunnfabricant fran\u00e7ais de v\u00e9los Nous sommes une \u00e9quipe Toutes les personnes chez SUNN (Angel, Antoine, Elie, Alexis, Justine, Alexis, Aur\u00e9lie, Micka\u00ebl, Carlos, Joke, Fabrice, Cyril, David, Thibault et S\u00e9bastien) ont chaque jour un r\u00f4le pr\u00e9cis et crucial. Pour avancer et tout coordonner dans des d\u00e9lais souvent serr\u00e9s, les \u00e9changes ont \u00e9t\u00e9 nombreux et parfois houleux. [&hellip;]<\/p>\n","protected":false},"author":2,"featured_media":0,"parent":0,"menu_order":0,"comment_status":"closed","ping_status":"closed","template":"elementor_header_footer","meta":{"_jet_sm_ready_style":"","_jet_sm_style":"","_jet_sm_controls_values":"","_jet_sm_fonts_collection":"","_jet_sm_fonts_links":""},"_links":{"self":[{"href":"http:\/\/preprod.sunn.fr\/wp_into_sunn\/wp-json\/wp\/v2\/pages\/2412"}],"collection":[{"href":"http:\/\/preprod.sunn.fr\/wp_into_sunn\/wp-json\/wp\/v2\/pages"}],"about":[{"href":"http:\/\/preprod.sunn.fr\/wp_into_sunn\/wp-json\/wp\/v2\/types\/page"}],"author":[{"embeddable":true,"href":"http:\/\/preprod.sunn.fr\/wp_into_sunn\/wp-json\/wp\/v2\/users\/2"}],"replies":[{"embeddable":true,"href":"http:\/\/preprod.sunn.fr\/wp_into_sunn\/wp-json\/wp\/v2\/comments?post=2412"}],"version-history":[{"count":17,"href":"http:\/\/preprod.sunn.fr\/wp_into_sunn\/wp-json\/wp\/v2\/pages\/2412\/revisions"}],"predecessor-version":[{"id":4108,"href":"http:\/\/preprod.sunn.fr\/wp_into_sunn\/wp-json\/wp\/v2\/pages\/2412\/revisions\/4108"}],"wp:attachment":[{"href":"http:\/\/preprod.sunn.fr\/wp_into_sunn\/wp-json\/wp\/v2\/media?parent=2412"}],"curies":[{"name":"wp","href":"https:\/\/api.w.org\/{rel}","templated":true}]}}