{"id":2388,"date":"2020-09-04T16:10:17","date_gmt":"2020-09-04T14:10:17","guid":{"rendered":"http:\/\/preprod.sunn.fr\/wp_into_sunn\/?page_id=2388"},"modified":"2020-09-15T11:52:02","modified_gmt":"2020-09-15T09:52:02","slug":"contact","status":"publish","type":"page","link":"http:\/\/preprod.sunn.fr\/wp_into_sunn\/fr\/contact\/","title":{"rendered":"Sunn Contact"},"content":{"rendered":"\t\t<div data-elementor-type=\"wp-page\" data-elementor-id=\"2388\" class=\"elementor elementor-2388\" data-elementor-settings=\"[]\">\n\t\t\t<div class=\"elementor-inner\">\n\t\t\t\t<div class=\"elementor-section-wrap\">\n\t\t\t\t\t\t\t<section class=\"elementor-element elementor-element-17f8680 elementor-section-boxed elementor-section-height-default elementor-section-height-default elementor-section elementor-top-section\" data-id=\"17f8680\" data-element_type=\"section\" data-settings=\"{&quot;background_background&quot;:&quot;slideshow&quot;,&quot;background_slideshow_gallery&quot;:[{&quot;id&quot;:1727,&quot;url&quot;:&quot;http:\\\/\\\/preprod.sunn.fr\\\/wp_into_sunn\\\/wp-content\\\/uploads\\\/2020\\\/08\\\/DSC02604-M_Web.jpg&quot;}],&quot;background_slideshow_loop&quot;:&quot;yes&quot;,&quot;background_slideshow_slide_duration&quot;:5000,&quot;background_slideshow_slide_transition&quot;:&quot;fade&quot;,&quot;background_slideshow_transition_duration&quot;:500}\">\n\t\t\t\t\t\t<div class=\"elementor-container elementor-column-gap-default\">\n\t\t\t\t<div class=\"elementor-row\">\n\t\t\t\t<div class=\"elementor-element elementor-element-7ace702 elementor-column elementor-col-50 elementor-top-column\" data-id=\"7ace702\" data-element_type=\"column\">\n\t\t\t<div class=\"elementor-column-wrap  elementor-element-populated\">\n\t\t\t\t\t<div class=\"elementor-widget-wrap\">\n\t\t\t\t<div class=\"elementor-element elementor-element-693b291 elementor-invisible elementor-widget elementor-widget-heading\" data-id=\"693b291\" data-element_type=\"widget\" data-settings=\"{&quot;_animation&quot;:&quot;fadeInDown&quot;}\" data-widget_type=\"heading.default\">\n\t\t\t\t<div class=\"elementor-widget-container\">\n\t\t\t<h2 class=\"elementor-heading-title elementor-size-default\">Contact<\/h2>\t\t<\/div>\n\t\t\t\t<\/div>\n\t\t\t\t<div class=\"elementor-element elementor-element-db1263f elementor-widget elementor-widget-heading\" data-id=\"db1263f\" data-element_type=\"widget\" data-widget_type=\"heading.default\">\n\t\t\t\t<div class=\"elementor-widget-container\">\n\t\t\t<h2 class=\"elementor-heading-title elementor-size-default\">Vous avez des questions ? <\/h2>\t\t<\/div>\n\t\t\t\t<\/div>\n\t\t\t\t<div class=\"elementor-element elementor-element-54d552f elementor-widget elementor-widget-contact-form-7\" data-id=\"54d552f\" data-element_type=\"widget\" data-widget_type=\"contact-form-7.default\">\n\t\t\t\t<div class=\"elementor-widget-container\">\n\t\t\t<div class=\"elementor-contact-form-7 jet-elements\"><div role=\"form\" class=\"wpcf7\" id=\"wpcf7-f2391-o1\" lang=\"fr-FR\" dir=\"ltr\">\n<div class=\"screen-reader-response\" role=\"alert\" aria-live=\"polite\"><\/div>\n<form action=\"\/wp_into_sunn\/wp-json\/wp\/v2\/pages\/2388#wpcf7-f2391-o1\" method=\"post\" class=\"wpcf7-form init\" novalidate=\"novalidate\">\n<div style=\"display: none;\">\n<input type=\"hidden\" name=\"_wpcf7\" value=\"2391\" \/>\n<input type=\"hidden\" name=\"_wpcf7_version\" value=\"5.2.2\" \/>\n<input type=\"hidden\" name=\"_wpcf7_locale\" value=\"fr_FR\" \/>\n<input type=\"hidden\" name=\"_wpcf7_unit_tag\" value=\"wpcf7-f2391-o1\" \/>\n<input type=\"hidden\" name=\"_wpcf7_container_post\" value=\"0\" \/>\n<input type=\"hidden\" name=\"_wpcf7_posted_data_hash\" value=\"\" \/>\n<\/div>\n<label> <span class=\"wpcf7-form-control-wrap question\"><select name=\"question\" class=\"wpcf7-form-control wpcf7-select wpcf7-validates-as-required\" aria-required=\"true\" aria-invalid=\"false\"><option value=\"Votre question concerne ?\">Votre question concerne ?<\/option><option value=\"Commercial\">Commercial<\/option><option value=\"Support technique\">Support technique<\/option><option value=\"Ressources humaines\">Ressources humaines<\/option><\/select><\/span> <\/label>\n\n<label> <span class=\"wpcf7-form-control-wrap your-name\"><input type=\"text\" name=\"your-name\" value=\"\" size=\"40\" class=\"wpcf7-form-control wpcf7-text wpcf7-validates-as-required\" aria-required=\"true\" aria-invalid=\"false\" placeholder=\"Pr\u00e9nom et nom*\" \/><\/span> <\/label>\n\n<label> <span class=\"wpcf7-form-control-wrap your-email\"><input type=\"email\" name=\"your-email\" value=\"\" size=\"40\" class=\"wpcf7-form-control wpcf7-text wpcf7-email wpcf7-validates-as-required wpcf7-validates-as-email\" aria-required=\"true\" aria-invalid=\"false\" placeholder=\"Email*\" \/><\/span> <\/label>\n\n<label> <span class=\"wpcf7-form-control-wrap tel-962\"><input type=\"tel\" name=\"tel-962\" value=\"\" size=\"40\" class=\"wpcf7-form-control wpcf7-text wpcf7-tel wpcf7-validates-as-required wpcf7-validates-as-tel\" aria-required=\"true\" aria-invalid=\"false\" placeholder=\"T\u00e9l\u00e9phone*\" \/><\/span> <\/label>\n\n<label> <span class=\"wpcf7-form-control-wrap commande\"><input type=\"text\" name=\"commande\" value=\"\" size=\"40\" class=\"wpcf7-form-control wpcf7-text\" aria-invalid=\"false\" placeholder=\"Num\u00e9ro de commande\" \/><\/span> <\/label>\n\n<label> <span class=\"wpcf7-form-control-wrap textarea-478\"><textarea name=\"textarea-478\" cols=\"40\" rows=\"10\" class=\"wpcf7-form-control wpcf7-textarea\" aria-invalid=\"false\"><\/textarea><\/span> <\/label>\n\n<label> <span class=\"wpcf7-form-control-wrap acceptance-408\"><span class=\"wpcf7-form-control wpcf7-acceptance\"><span class=\"wpcf7-list-item\"><label><input type=\"checkbox\" name=\"acceptance-408\" value=\"1\" aria-invalid=\"false\" \/><span class=\"wpcf7-list-item-label\">En soumettant ce formulaire, j'accepte que les informations saisies soient trait\u00e9es par Sunn dans le cadre de ma demande de contact et de la relation commerciale qui peut en d\u00e9couler. En savoir plus en consultant notre politique de confidentialit\u00e9.*<\/span><\/label><\/span><\/span><\/span> <\/label>\n\n<input type=\"submit\" value=\"Envoyer\" class=\"wpcf7-form-control wpcf7-submit\" \/><div class=\"wpcf7-response-output\" role=\"alert\" aria-hidden=\"true\"><\/div><\/form><\/div><\/div>\t\t<\/div>\n\t\t\t\t<\/div>\n\t\t\t\t\t\t<\/div>\n\t\t\t<\/div>\n\t\t<\/div>\n\t\t\t\t<div class=\"elementor-element elementor-element-f9629d4 elementor-column elementor-col-50 elementor-top-column\" data-id=\"f9629d4\" data-element_type=\"column\">\n\t\t\t<div class=\"elementor-column-wrap  elementor-element-populated\">\n\t\t\t\t\t<div class=\"elementor-widget-wrap\">\n\t\t\t\t<div class=\"elementor-element elementor-element-1ed7318 elementor-widget elementor-widget-jet-headline\" data-id=\"1ed7318\" data-element_type=\"widget\" data-widget_type=\"jet-headline.default\">\n\t\t\t\t<div class=\"elementor-widget-container\">\n\t\t\t<p class=\"jet-headline jet-headline--direction-vertical\"><a class=\"jet-headline__link\" href=\"http:\/\/preprod.sunn.fr\/fr\/revendeurs\"><span class=\"jet-headline__part jet-headline__first\"><span class=\"jet-headline__label\">O\u00f9 trouver un revendeur SUNN ?<\/span><\/span><span class=\"jet-headline__part jet-headline__second\"><span class=\"jet-headline__label\">En d\u00e9couvrant notre carte des revendeurs<\/span><\/span><\/a><\/p>\t\t<\/div>\n\t\t\t\t<\/div>\n\t\t\t\t<div class=\"elementor-element elementor-element-5019d5c elementor-widget elementor-widget-jet-headline\" data-id=\"5019d5c\" data-element_type=\"widget\" data-widget_type=\"jet-headline.default\">\n\t\t\t\t<div class=\"elementor-widget-container\">\n\t\t\t<p class=\"jet-headline jet-headline--direction-vertical\"><span class=\"jet-headline__part jet-headline__first\"><span class=\"jet-headline__label\">O\u00f9 nous trouver ?<\/span><\/span><span class=\"jet-headline__part jet-headline__second\"><span class=\"jet-headline__label\">Manufacture Fran\u00e7aise du Cycle\u00a0\u2013\u00a0SUNN\n<\/br>27, rue Marcel Bruneli\u00e8re - 44270 MACHECOUL<\/span><\/span><\/p>\t\t<\/div>\n\t\t\t\t<\/div>\n\t\t\t\t\t\t<\/div>\n\t\t\t<\/div>\n\t\t<\/div>\n\t\t\t\t\t\t<\/div>\n\t\t\t<\/div>\n\t\t<\/section>\n\t\t\t\t\t\t<\/div>\n\t\t\t<\/div>\n\t\t<\/div>\n\t\t","protected":false},"excerpt":{"rendered":"<p>Contact Vous avez des questions ? Votre question concerne ?CommercialSupport techniqueRessources humaines En soumettant ce formulaire, j&rsquo;accepte que les informations saisies soient trait\u00e9es par Sunn dans le cadre de ma demande de contact et de la relation commerciale qui peut en d\u00e9couler. En savoir plus en consultant notre politique de confidentialit\u00e9.* O\u00f9 trouver un revendeur [&hellip;]<\/p>\n","protected":false},"author":2,"featured_media":0,"parent":0,"menu_order":0,"comment_status":"closed","ping_status":"closed","template":"elementor_header_footer","meta":{"_jet_sm_ready_style":"","_jet_sm_style":"","_jet_sm_controls_values":"","_jet_sm_fonts_collection":"","_jet_sm_fonts_links":""},"_links":{"self":[{"href":"http:\/\/preprod.sunn.fr\/wp_into_sunn\/wp-json\/wp\/v2\/pages\/2388"}],"collection":[{"href":"http:\/\/preprod.sunn.fr\/wp_into_sunn\/wp-json\/wp\/v2\/pages"}],"about":[{"href":"http:\/\/preprod.sunn.fr\/wp_into_sunn\/wp-json\/wp\/v2\/types\/page"}],"author":[{"embeddable":true,"href":"http:\/\/preprod.sunn.fr\/wp_into_sunn\/wp-json\/wp\/v2\/users\/2"}],"replies":[{"embeddable":true,"href":"http:\/\/preprod.sunn.fr\/wp_into_sunn\/wp-json\/wp\/v2\/comments?post=2388"}],"version-history":[{"count":20,"href":"http:\/\/preprod.sunn.fr\/wp_into_sunn\/wp-json\/wp\/v2\/pages\/2388\/revisions"}],"predecessor-version":[{"id":3830,"href":"http:\/\/preprod.sunn.fr\/wp_into_sunn\/wp-json\/wp\/v2\/pages\/2388\/revisions\/3830"}],"wp:attachment":[{"href":"http:\/\/preprod.sunn.fr\/wp_into_sunn\/wp-json\/wp\/v2\/media?parent=2388"}],"curies":[{"name":"wp","href":"https:\/\/api.w.org\/{rel}","templated":true}]}}